{"id":66,"date":"2014-05-27T22:07:31","date_gmt":"2014-05-27T20:07:31","guid":{"rendered":"http:\/\/mjolkeramparaiders.com.web.ip.no\/?page_id=66"},"modified":"2025-04-16T14:09:21","modified_gmt":"2025-04-16T12:09:21","slug":"om-oss","status":"publish","type":"page","link":"https:\/\/www.mjolkeramparaiders.com\/?page_id=66","title":{"rendered":"Om oss"},"content":{"rendered":"<p align=\"justify\">Mj\u00f8lkerampa Raiders ble startet sommeren 2000 av Jan-Tore og Tore.\u00a0Senere samme \u00e5r leide vi oss inn hos Toril og\u00a0startet opp med spinning. Ti b\u00f8nder stilte opp forventningsfulle med full klaff.<br \/>\nI starten lukta det litt ku, gris og h\u00f8ne, men etter hvert har det blitt litt andre lukter ogs\u00e5.<\/p>\n<p align=\"justify\">Mj\u00f8lkerampa Raiders har n\u00e5 blitt en stor sykkelklubb med aktive og trimmere\u00a0i alle\u00a0forskjellig\u00a0aldere.<br \/>\nI 2014 ble Mj\u00f8lkerampa offesielt stiftet som en sykkelklubb i Norges Cycleforbund, under navnet Mj\u00f8lkerampa Sykkelklubb.<\/p>\n<p align=\"justify\"><strong>Kontaktinfo:<img decoding=\"async\" loading=\"lazy\" class=\"alignright wp-image-70 size-medium\" src=\"http:\/\/mjolkeramparaiders.com.web.ip.no\/wp-content\/uploads\/2014\/05\/Anne-Lise-og-Gayle-225x300.jpg\" alt=\"Anne Lise og Gayle\" width=\"225\" height=\"300\" srcset=\"https:\/\/www.mjolkeramparaiders.com\/wp-content\/uploads\/2014\/05\/Anne-Lise-og-Gayle-225x300.jpg 225w, https:\/\/www.mjolkeramparaiders.com\/wp-content\/uploads\/2014\/05\/Anne-Lise-og-Gayle.jpg 720w\" sizes=\"(max-width: 225px) 100vw, 225px\" \/><\/strong><br \/>\nMj\u00f8lkerampa Sykkelklubb<br \/>\nKirkeby\u00e5sen 35<br \/>\n1866\u00a0 B\u00c5STAD<br \/>\nE-post: post@mjolkeramparaiders.com<br \/>\nTelefon: <span id=\"UcOrgDetail_OrgInfoPhoneLabel\">95033783<\/span><\/p>\n<p align=\"justify\"><strong>Styret:<br \/>\n<\/strong>Tore Unnerud \u2013 Leder<br \/>\n\u00d8yvind Ringstad \u2013 Medlemsansvarlig<br \/>\nMarianne Tasigtil \u2013 Kasserer<br \/>\nErik Egeberg \u2013 Sekret\u00e6r<br \/>\nTerje Ruud \u2013 Styremedlem<\/p>\n","protected":false},"excerpt":{"rendered":"<p>Mj\u00f8lkerampa Raiders ble startet sommeren 2000 av Jan-Tore og Tore.\u00a0Senere samme \u00e5r leide vi oss inn hos Toril og\u00a0startet opp med spinning. Ti b\u00f8nder stilte opp forventningsfulle med full klaff. I starten lukta det litt ku, gris og h\u00f8ne, men etter hvert har det blitt litt andre lukter ogs\u00e5. Mj\u00f8lkerampa Raiders har n\u00e5 blitt en<\/p>\n<p><a class=\"excerpt-more blog-excerpt\" href=\"https:\/\/www.mjolkeramparaiders.com\/?page_id=66\">Les mer<\/a><\/p>\n","protected":false},"author":1,"featured_media":0,"parent":0,"menu_order":0,"comment_status":"closed","ping_status":"closed","template":"","meta":[],"_links":{"self":[{"href":"https:\/\/www.mjolkeramparaiders.com\/index.php?rest_route=\/wp\/v2\/pages\/66"}],"collection":[{"href":"https:\/\/www.mjolkeramparaiders.com\/index.php?rest_route=\/wp\/v2\/pages"}],"about":[{"href":"https:\/\/www.mjolkeramparaiders.com\/index.php?rest_route=\/wp\/v2\/types\/page"}],"author":[{"embeddable":true,"href":"https:\/\/www.mjolkeramparaiders.com\/index.php?rest_route=\/wp\/v2\/users\/1"}],"replies":[{"embeddable":true,"href":"https:\/\/www.mjolkeramparaiders.com\/index.php?rest_route=%2Fwp%2Fv2%2Fcomments&post=66"}],"version-history":[{"count":8,"href":"https:\/\/www.mjolkeramparaiders.com\/index.php?rest_route=\/wp\/v2\/pages\/66\/revisions"}],"predecessor-version":[{"id":948,"href":"https:\/\/www.mjolkeramparaiders.com\/index.php?rest_route=\/wp\/v2\/pages\/66\/revisions\/948"}],"wp:attachment":[{"href":"https:\/\/www.mjolkeramparaiders.com\/index.php?rest_route=%2Fwp%2Fv2%2Fmedia&parent=66"}],"curies":[{"name":"wp","href":"https:\/\/api.w.org\/{rel}","templated":true}]}}