{"id":47,"date":"2014-05-22T13:01:09","date_gmt":"2014-05-22T11:01:09","guid":{"rendered":"http:\/\/mjolkeramparaiders.com.web.ip.no\/?page_id=47"},"modified":"2023-02-10T11:00:01","modified_gmt":"2023-02-10T10:00:01","slug":"bli-medlem","status":"publish","type":"page","link":"https:\/\/www.mjolkeramparaiders.com\/?page_id=47","title":{"rendered":"Bli medlem"},"content":{"rendered":"\n<p>Mj\u00f8lkerampa Sykkelklubb er registrert som klubb hos Norges Cykleforbund. Som medlem i klubben kan du registrere hel\u00e5rslisens hos NCF. Se <a rel=\"noreferrer noopener\" href=\"http:\/\/www.mjolkeramparaiders.com\/?page_id=381\" target=\"_blank\">egen side<\/a> for informasjon om hel\u00e5rs sykkellisens.<\/p>\n\n\n\n<p>Om du \u00f8nsker \u00e5 bli medlem i Mj\u00f8lkerampa Sykkelklubb s\u00e5 gj\u00f8res dette gjennom Norges Idrettsforbunds medlemsportal &#8211; Min Idrett.<br>Logg deg inn via linken under, eller skann QR-koden i bunn for innlogging via mobil.<\/p>\n\n\n<p>\u00a0<\/p>\n<p><a href=\"https:\/\/medlemskap.nif.no\/739215\" target=\"_blank\" rel=\"noopener noreferrer\"><img decoding=\"async\" loading=\"lazy\" class=\"wp-image-865 size-medium aligncenter\" src=\"http:\/\/www.mjolkeramparaiders.com\/wp-content\/uploads\/2023\/02\/Logg-inn-300x92.png\" alt=\"\" width=\"300\" height=\"92\" srcset=\"https:\/\/www.mjolkeramparaiders.com\/wp-content\/uploads\/2023\/02\/Logg-inn-300x92.png 300w, https:\/\/www.mjolkeramparaiders.com\/wp-content\/uploads\/2023\/02\/Logg-inn-150x46.png 150w, https:\/\/www.mjolkeramparaiders.com\/wp-content\/uploads\/2023\/02\/Logg-inn.png 426w\" sizes=\"(max-width: 300px) 100vw, 300px\" \/><\/a><\/p>\n<p>\u00a0<\/p>\n<p>Medlemskontigent: Kr 300,- pr.\u00e5r \u00a0 <br \/>Barn og junior u\/18 \u00e5r: kr 100,- pr \u00e5r<\/p>\n<p><a href=\"https:\/\/www.idrettsforbundet.no\/digital\/minidrett\/brukerveiledning\/hvordan-opprette-profil\/\">Hvordan opprette bruker med Idrettens ID?<\/a><\/p>\n<p><br \/>Har du sp\u00f8rsm\u00e5l knyttet til innmelding, medlemskap e.l er du velkommen til \u00e5 ta kontakt p\u00e5 mail &#8211; <a href=\"mailto:medlem@mjolkeramparaiders.com?subject=Vedr\u00f8rende%20medlemskap\">medlem@mjolkeramparaiders.com<\/a><\/p>\n<p>\u00a0<\/p>\n<p><strong>Velkommen som medlem!<\/strong><\/p>\n<p><img decoding=\"async\" loading=\"lazy\" class=\"wp-image-866 size-thumbnail aligncenter\" src=\"http:\/\/www.mjolkeramparaiders.com\/wp-content\/uploads\/2023\/02\/qrcode_medlemskap.nif_.no_-150x150.png\" alt=\"\" width=\"150\" height=\"150\" srcset=\"https:\/\/www.mjolkeramparaiders.com\/wp-content\/uploads\/2023\/02\/qrcode_medlemskap.nif_.no_-150x150.png 150w, https:\/\/www.mjolkeramparaiders.com\/wp-content\/uploads\/2023\/02\/qrcode_medlemskap.nif_.no_-300x300.png 300w, https:\/\/www.mjolkeramparaiders.com\/wp-content\/uploads\/2023\/02\/qrcode_medlemskap.nif_.no_.png 530w\" sizes=\"(max-width: 150px) 100vw, 150px\" \/><\/p>","protected":false},"excerpt":{"rendered":"<p>Mj\u00f8lkerampa Sykkelklubb er registrert som klubb hos Norges Cykleforbund. Som medlem i klubben kan du registrere hel\u00e5rslisens hos NCF. Se egen side for informasjon om hel\u00e5rs sykkellisens. Om du \u00f8nsker \u00e5 bli medlem i Mj\u00f8lkerampa Sykkelklubb s\u00e5 gj\u00f8res dette gjennom Norges Idrettsforbunds medlemsportal &#8211; Min Idrett.Logg deg inn via linken under, eller skann QR-koden i<\/p>\n<p><a class=\"excerpt-more blog-excerpt\" href=\"https:\/\/www.mjolkeramparaiders.com\/?page_id=47\">Les mer<\/a><\/p>\n","protected":false},"author":1,"featured_media":0,"parent":0,"menu_order":0,"comment_status":"closed","ping_status":"closed","template":"","meta":[],"_links":{"self":[{"href":"https:\/\/www.mjolkeramparaiders.com\/index.php?rest_route=\/wp\/v2\/pages\/47"}],"collection":[{"href":"https:\/\/www.mjolkeramparaiders.com\/index.php?rest_route=\/wp\/v2\/pages"}],"about":[{"href":"https:\/\/www.mjolkeramparaiders.com\/index.php?rest_route=\/wp\/v2\/types\/page"}],"author":[{"embeddable":true,"href":"https:\/\/www.mjolkeramparaiders.com\/index.php?rest_route=\/wp\/v2\/users\/1"}],"replies":[{"embeddable":true,"href":"https:\/\/www.mjolkeramparaiders.com\/index.php?rest_route=%2Fwp%2Fv2%2Fcomments&post=47"}],"version-history":[{"count":19,"href":"https:\/\/www.mjolkeramparaiders.com\/index.php?rest_route=\/wp\/v2\/pages\/47\/revisions"}],"predecessor-version":[{"id":875,"href":"https:\/\/www.mjolkeramparaiders.com\/index.php?rest_route=\/wp\/v2\/pages\/47\/revisions\/875"}],"wp:attachment":[{"href":"https:\/\/www.mjolkeramparaiders.com\/index.php?rest_route=%2Fwp%2Fv2%2Fmedia&parent=47"}],"curies":[{"name":"wp","href":"https:\/\/api.w.org\/{rel}","templated":true}]}}